{"id":130,"date":"2021-10-26T15:03:07","date_gmt":"2021-10-26T18:03:07","guid":{"rendered":"https:\/\/solutionhospitalar.com.br\/?post_type=product&#038;p=130"},"modified":"2021-11-10T08:50:25","modified_gmt":"2021-11-10T11:50:25","slug":"detectores-de-raios-x","status":"publish","type":"product","link":"https:\/\/solutionhospitalar.com.br\/?product=detectores-de-raios-x","title":{"rendered":"Detectores de Raios-x"},"content":{"rendered":"<div id=\"1070229324\" class=\"u_1070229324 dmNewParagraph\" data-dmtmpl=\"true\" data-uialign=\"right\">Precisa transformar seu equipamento de raio-x ou mam\u00f3grafo em um equipamento digital DR?<\/div>\n<div class=\"u_1070229324 dmNewParagraph\" data-dmtmpl=\"true\" data-uialign=\"right\">N\u00f3s temos a solu\u00e7\u00e3o, entre em contato conosco&#8230;&#8230;.<\/div>\n","protected":false},"excerpt":{"rendered":"<p>Precisa transformar seu equipamento de raio-x ou mam\u00f3grafo em um equipamento digital DR? N\u00f3s temos a solu\u00e7\u00e3o, entre em contato conosco&#8230;&#8230;.<\/p>\n","protected":false},"featured_media":379,"template":"","meta":[],"product_cat":[36],"product_tag":[],"_links":{"self":[{"href":"https:\/\/solutionhospitalar.com.br\/index.php?rest_route=\/wp\/v2\/product\/130"}],"collection":[{"href":"https:\/\/solutionhospitalar.com.br\/index.php?rest_route=\/wp\/v2\/product"}],"about":[{"href":"https:\/\/solutionhospitalar.com.br\/index.php?rest_route=\/wp\/v2\/types\/product"}],"wp:featuredmedia":[{"embeddable":true,"href":"https:\/\/solutionhospitalar.com.br\/index.php?rest_route=\/wp\/v2\/media\/379"}],"wp:attachment":[{"href":"https:\/\/solutionhospitalar.com.br\/index.php?rest_route=%2Fwp%2Fv2%2Fmedia&parent=130"}],"wp:term":[{"taxonomy":"product_cat","embeddable":true,"href":"https:\/\/solutionhospitalar.com.br\/index.php?rest_route=%2Fwp%2Fv2%2Fproduct_cat&post=130"},{"taxonomy":"product_tag","embeddable":true,"href":"https:\/\/solutionhospitalar.com.br\/index.php?rest_route=%2Fwp%2Fv2%2Fproduct_tag&post=130"}],"curies":[{"name":"wp","href":"https:\/\/api.w.org\/{rel}","templated":true}]}}