{"id":132,"date":"2021-10-26T15:04:15","date_gmt":"2021-10-26T18:04:15","guid":{"rendered":"https:\/\/solutionhospitalar.com.br\/?post_type=product&#038;p=132"},"modified":"2021-11-10T08:48:54","modified_gmt":"2021-11-10T11:48:54","slug":"equipamentos-de-raio-x","status":"publish","type":"product","link":"https:\/\/solutionhospitalar.com.br\/?product=equipamentos-de-raio-x","title":{"rendered":"Equipamentos de Raio-X"},"content":{"rendered":"<div id=\"1070229324\" class=\"u_1070229324 dmNewParagraph\" data-dmtmpl=\"true\" data-uialign=\"right\">\n<p>Temos a melhor op\u00e7\u00e3o para aquisi\u00e7\u00e3o de seu equipamento de raios-x de acordo com sua necessidade, seja ele, raios x Anal\u00f3gico, raios x digital DR , raios-x m\u00f3vel.<\/p>\n<p>Entre em contato conosco e deixe nos entender sua necessidade e como podemos lhe ajudar &#8230;<\/p>\n<\/div>\n","protected":false},"excerpt":{"rendered":"<p>Temos a melhor op\u00e7\u00e3o para aquisi\u00e7\u00e3o de seu equipamento de raios-x de acordo com sua necessidade, seja ele, raios x Anal\u00f3gico, raios x digital DR , raios-x m\u00f3vel. Entre em contato conosco e deixe nos entender sua necessidade e como podemos lhe ajudar &#8230;<\/p>\n","protected":false},"featured_media":367,"template":"","meta":[],"product_cat":[32],"product_tag":[],"_links":{"self":[{"href":"https:\/\/solutionhospitalar.com.br\/index.php?rest_route=\/wp\/v2\/product\/132"}],"collection":[{"href":"https:\/\/solutionhospitalar.com.br\/index.php?rest_route=\/wp\/v2\/product"}],"about":[{"href":"https:\/\/solutionhospitalar.com.br\/index.php?rest_route=\/wp\/v2\/types\/product"}],"wp:featuredmedia":[{"embeddable":true,"href":"https:\/\/solutionhospitalar.com.br\/index.php?rest_route=\/wp\/v2\/media\/367"}],"wp:attachment":[{"href":"https:\/\/solutionhospitalar.com.br\/index.php?rest_route=%2Fwp%2Fv2%2Fmedia&parent=132"}],"wp:term":[{"taxonomy":"product_cat","embeddable":true,"href":"https:\/\/solutionhospitalar.com.br\/index.php?rest_route=%2Fwp%2Fv2%2Fproduct_cat&post=132"},{"taxonomy":"product_tag","embeddable":true,"href":"https:\/\/solutionhospitalar.com.br\/index.php?rest_route=%2Fwp%2Fv2%2Fproduct_tag&post=132"}],"curies":[{"name":"wp","href":"https:\/\/api.w.org\/{rel}","templated":true}]}}